{"id":16,"date":"2019-01-04T11:06:30","date_gmt":"2019-01-04T10:06:30","guid":{"rendered":"\/?page_id=16"},"modified":"2021-05-19T10:45:39","modified_gmt":"2021-05-19T08:45:39","slug":"startseite","status":"publish","type":"page","link":"\/blog\/","title":{"rendered":"Startseite"},"content":{"rendered":"<div class=\"flex_column av_one_full  flex_column_div av-zero-column-padding first  avia-builder-el-0  el_before_av_one_full  avia-builder-el-first  \" style='border-radius:0px; '><section class=\"av_textblock_section \"  itemscope=\"itemscope\" itemtype=\"https:\/\/schema.org\/CreativeWork\" ><div class='avia_textblock  '   itemprop=\"text\" ><h1>Buffetwelt Blog<\/h1>\n<p>Wir von der Firma Buffetwelt sind immer am Puls der Zeit, wenn es um die Zubereitung und Verteilung von Speisen geht: Wir bauen unser Angebot an technischen L\u00f6sungen und Ger\u00e4ten stetig f\u00fcr Sie aus. Egal ob Restaurant, Kita, Schule oder Krankenhaus \u2013 in der Gemeinschaftsverpflegung bedarf es optimaler Technik, um viele Menschen in k\u00fcrzester Zeit zu versorgen. In diesem Blog informieren wir Sie immer wieder \u00fcber Neuheiten und aktuelle Trends rund um die Speisenproduktion und -verteilung.<\/p>\n<\/div><\/section><\/div><div class=\"flex_column av_one_full  flex_column_div av-zero-column-padding first  avia-builder-el-2  el_after_av_one_full  avia-builder-el-last  column-top-margin\" style='border-radius:0px; '><p><div  class='av-alb-blogposts template-blog  av-blog-meta-author-disabled av-blog-meta-comments-disabled av-blog-meta-category-disabled av-blog-meta-date-disabled av-blog-meta-html-info-disabled av-blog-meta-tag-disabled '  itemscope=\"itemscope\" itemtype=\"https:\/\/schema.org\/Blog\" ><article class='post-entry post-entry-type-standard post-entry-224 post-loop-1 post-parity-odd post-entry-last single-big with-slider post-224 post type-post status-publish format-standard has-post-thumbnail hentry category-gastro'  itemscope=\"itemscope\" itemtype=\"https:\/\/schema.org\/BlogPosting\" ><div class='blog-meta'><\/div><div class='entry-content-wrapper clearfix standard-content'><header class=\"entry-content-header\"><div class=\"av-heading-wrapper\"><h2 class='post-title entry-title '  itemprop=\"headline\" >\t<a href='\/blog\/bankettwagen-der-einsatz-von-bankettwagen-in-der-grosskueche-und-gastronomie\/' rel='bookmark' title='Permanenter Link zu: Bankettwagen: Der Einsatz von Bankettwagen in der Gro\u00dfk\u00fcche und Gastronomie'>Bankettwagen: Der Einsatz von Bankettwagen in der Gro\u00dfk\u00fcche und Gastronomie\t\t\t<span class='post-format-icon minor-meta'><\/span>\t<\/a><\/h2><span class=\"blog-categories minor-meta\"><a href=\"\/blog\/category\/gastro\/\" rel=\"tag\">Gastro<\/a> <\/span><\/div><\/header><span class=\"av-vertical-delimiter\"><\/span><div class=\"big-preview single-big\"  itemprop=\"image\" itemscope=\"itemscope\" itemtype=\"https:\/\/schema.org\/ImageObject\" ><a href=\"\/blog\/bankettwagen-der-einsatz-von-bankettwagen-in-der-grosskueche-und-gastronomie\/\"  title=\"buffetwelt_bankettwagen_gastro\" ><img width=\"495\" height=\"321\" src=\"\/blog\/dm-wp-content\/uploads\/buffetwelt_bankettwagen_gastro-495x321.jpg\" class=\"wp-image-235 avia-img-lazy-loading-not-235 attachment-entry_with_sidebar size-entry_with_sidebar wp-post-image\" alt=\"\" \/><\/a><\/div><div class=\"entry-content\"  itemprop=\"text\" ><div class=\"read-more-link\"><a href=\"\/blog\/bankettwagen-der-einsatz-von-bankettwagen-in-der-grosskueche-und-gastronomie\/\" class=\"more-link\">Weiterlesen<span class=\"more-link-arrow\"><\/span><\/a><\/div>\n<\/div><span class='post-meta-infos'><time class='date-container minor-meta updated' >10. Juni 2022<\/time><span class='text-sep text-sep-date'>\/<\/span><span class=\"blog-author minor-meta\">von <span class=\"entry-author-link\"  itemprop=\"author\" ><span class=\"author\"><span class=\"fn\"><a href=\"https:\/\/www.buffetwelt.de\/blog\/author\/admin_wpdm\/\" title=\"Beitr\u00e4ge von admin_wpdm\" rel=\"author\">admin_wpdm<\/a><\/span><\/span><\/span><\/span><\/span><footer class=\"entry-footer\"><\/footer><div class='post_delimiter'><\/div><\/div><div class='post_author_timeline'><\/div><span class='hidden'>\n\t\t\t\t<span class='av-structured-data'  itemprop=\"image\" itemscope=\"itemscope\" itemtype=\"https:\/\/schema.org\/ImageObject\" >\n\t\t\t\t\t\t<span itemprop='url'>\/blog\/dm-wp-content\/uploads\/buffetwelt_bankettwagen_gastro.jpg<\/span>\n\t\t\t\t\t\t<span itemprop='height'>400<\/span>\n\t\t\t\t\t\t<span itemprop='width'>495<\/span>\n\t\t\t\t<\/span>\n\t\t\t\t<span class='av-structured-data'  itemprop=\"publisher\" itemtype=\"https:\/\/schema.org\/Organization\" itemscope=\"itemscope\" >\n\t\t\t\t\t\t<span itemprop='name'>admin_wpdm<\/span>\n\t\t\t\t\t\t<span itemprop='logo' itemscope itemtype='https:\/\/schema.org\/ImageObject'>\n\t\t\t\t\t\t\t<span itemprop='url'>\/blog\/dm-wp-content\/uploads\/buffetwelt-logo-1.png<\/span>\n\t\t\t\t\t\t <\/span>\n\t\t\t\t<\/span><span class='av-structured-data'  itemprop=\"author\" itemscope=\"itemscope\" itemtype=\"https:\/\/schema.org\/Person\" ><span itemprop='name'>admin_wpdm<\/span><\/span><span class='av-structured-data'  itemprop=\"datePublished\" datetime=\"2022-06-10T09:38:55+02:00\" >2022-06-10 09:38:55<\/span><span class='av-structured-data'  itemprop=\"dateModified\" itemtype=\"https:\/\/schema.org\/dateModified\" >2022-06-10 09:38:55<\/span><span class='av-structured-data'  itemprop=\"mainEntityOfPage\" itemtype=\"https:\/\/schema.org\/mainEntityOfPage\" ><span itemprop='name'>Bankettwagen: Der Einsatz von Bankettwagen in der Gro\u00dfk\u00fcche und Gastronomie<\/span><\/span><\/span><\/article><\/div><br \/>\n<div   data-autoplay=''  data-interval='5'  data-animation='fade'  data-show_slide_delay='90'  class='avia-content-slider avia-content-grid-active avia-content-slider1 avia-content-slider-even  '  itemscope=\"itemscope\" itemtype=\"https:\/\/schema.org\/Blog\" ><div class='avia-content-slider-inner'><div class='slide-entry-wrap'><article class='slide-entry flex_column  post-entry post-entry-210 slide-entry-overview slide-loop-1 slide-parity-odd  av_one_half first real-thumbnail post-format-standard'  itemscope=\"itemscope\" itemtype=\"https:\/\/schema.org\/BlogPosting\" itemprop=\"blogPost\" ><a href='\/blog\/grosser-induktionswok-grosse-mengen-in-kuerzester-zeit\/' data-rel='slide-1' class='slide-image' title='Gro\u00dfer Induktionswok: Gro\u00dfe Mengen in k\u00fcrzester Zeit'><img width=\"495\" height=\"400\" src=\"\/blog\/dm-wp-content\/uploads\/induktionswok_wokpfanne_WPR2-495x400.jpg\" class=\"wp-image-213 avia-img-lazy-loading-not-213 attachment-portfolio size-portfolio wp-post-image\" alt=\"\" srcset=\"https:\/\/www.buffetwelt.de\/blog\/dm-wp-content\/uploads\/induktionswok_wokpfanne_WPR2-495x400.jpg 495w, https:\/\/www.buffetwelt.de\/blog\/dm-wp-content\/uploads\/induktionswok_wokpfanne_WPR2-845x684.jpg 845w\" sizes=\"(max-width: 495px) 100vw, 495px\" \/><\/a><div class='slide-content'><header class=\"entry-content-header\"><h3 class='slide-entry-title entry-title '  itemprop=\"headline\" ><a href='\/blog\/grosser-induktionswok-grosse-mengen-in-kuerzester-zeit\/' title='Gro\u00dfer Induktionswok: Gro\u00dfe Mengen in k\u00fcrzester Zeit'>Gro\u00dfer Induktionswok: Gro\u00dfe Mengen in k\u00fcrzester Zeit<\/a><\/h3><span class=\"blog-categories minor-meta\"><a href=\"\/blog\/category\/gastro\/\" rel=\"tag\">Gastro<\/a> <\/span><span class=\"av-vertical-delimiter\"><\/span><\/header><div class='slide-entry-excerpt entry-content'  itemprop=\"text\" >\r\n\r\n\r\n\r\n\r\n\r\n\r\n\r\n<div class=\"read-more-link\"><a href=\"\/blog\/grosser-induktionswok-grosse-mengen-in-kuerzester-zeit\/\" class=\"more-link\">Weiterlesen<span class=\"more-link-arrow\"><\/span><\/a><\/div><\/div><\/div><footer class=\"entry-footer\"><div class='slide-meta'><time class='slide-meta-time updated'  itemprop=\"datePublished\" datetime=\"2021-08-12T15:48:52+02:00\" >12. August 2021<\/time><\/div><\/footer><span class='hidden'>\n\t\t\t\t<span class='av-structured-data'  itemprop=\"image\" itemscope=\"itemscope\" itemtype=\"https:\/\/schema.org\/ImageObject\" >\n\t\t\t\t\t\t<span itemprop='url'>\/blog\/dm-wp-content\/uploads\/induktionswok_wokpfanne_WPR2.jpg<\/span>\n\t\t\t\t\t\t<span itemprop='height'>1000<\/span>\n\t\t\t\t\t\t<span itemprop='width'>1500<\/span>\n\t\t\t\t<\/span>\n\t\t\t\t<span class='av-structured-data'  itemprop=\"publisher\" itemtype=\"https:\/\/schema.org\/Organization\" itemscope=\"itemscope\" >\n\t\t\t\t\t\t<span itemprop='name'>admin_wpdm<\/span>\n\t\t\t\t\t\t<span itemprop='logo' itemscope itemtype='https:\/\/schema.org\/ImageObject'>\n\t\t\t\t\t\t\t<span itemprop='url'>\/blog\/dm-wp-content\/uploads\/buffetwelt-logo-1.png<\/span>\n\t\t\t\t\t\t <\/span>\n\t\t\t\t<\/span><span class='av-structured-data'  itemprop=\"author\" itemscope=\"itemscope\" itemtype=\"https:\/\/schema.org\/Person\" ><span itemprop='name'>admin_wpdm<\/span><\/span><span class='av-structured-data'  itemprop=\"datePublished\" datetime=\"2022-06-10T09:38:55+02:00\" >2021-08-12 15:48:52<\/span><span class='av-structured-data'  itemprop=\"dateModified\" itemtype=\"https:\/\/schema.org\/dateModified\" >2021-08-12 15:49:07<\/span><span class='av-structured-data'  itemprop=\"mainEntityOfPage\" itemtype=\"https:\/\/schema.org\/mainEntityOfPage\" ><span itemprop='name'>Gro\u00dfer Induktionswok: Gro\u00dfe Mengen in k\u00fcrzester Zeit<\/span><\/span><\/span><\/article><article class='slide-entry flex_column  post-entry post-entry-175 slide-entry-overview slide-loop-2 slide-parity-even  av_one_half  real-thumbnail post-format-standard'  itemscope=\"itemscope\" itemtype=\"https:\/\/schema.org\/BlogPosting\" itemprop=\"blogPost\" ><a href='\/blog\/unsere-profi-induktionswoks-in-ihrer-asia-kueche\/' data-rel='slide-1' class='slide-image' title='Unsere Profi-Induktionswoks in Ihrer Asia-K\u00fcche'><img width=\"495\" height=\"400\" src=\"\/blog\/dm-wp-content\/uploads\/profi-induktionswok_2-495x400.jpg\" class=\"wp-image-166 avia-img-lazy-loading-not-166 attachment-portfolio size-portfolio wp-post-image\" alt=\"\" srcset=\"https:\/\/www.buffetwelt.de\/blog\/dm-wp-content\/uploads\/profi-induktionswok_2-495x400.jpg 495w, https:\/\/www.buffetwelt.de\/blog\/dm-wp-content\/uploads\/profi-induktionswok_2-845x684.jpg 845w\" sizes=\"(max-width: 495px) 100vw, 495px\" \/><\/a><div class='slide-content'><header class=\"entry-content-header\"><h3 class='slide-entry-title entry-title '  itemprop=\"headline\" ><a href='\/blog\/unsere-profi-induktionswoks-in-ihrer-asia-kueche\/' title='Unsere Profi-Induktionswoks in Ihrer Asia-K\u00fcche'>Unsere Profi-Induktionswoks in Ihrer Asia-K\u00fcche<\/a><\/h3><span class=\"blog-categories minor-meta\"><a href=\"\/blog\/category\/gastro\/\" rel=\"tag\">Gastro<\/a> <\/span><span class=\"av-vertical-delimiter\"><\/span><\/header><div class='slide-entry-excerpt entry-content'  itemprop=\"text\" >\r\n\r\n\r\n\r\n<div class=\"read-more-link\"><a href=\"\/blog\/unsere-profi-induktionswoks-in-ihrer-asia-kueche\/\" class=\"more-link\">Weiterlesen<span class=\"more-link-arrow\"><\/span><\/a><\/div><\/div><\/div><footer class=\"entry-footer\"><div class='slide-meta'><time class='slide-meta-time updated'  itemprop=\"datePublished\" datetime=\"2021-05-05T16:33:26+02:00\" >5. Mai 2021<\/time><\/div><\/footer><span class='hidden'>\n\t\t\t\t<span class='av-structured-data'  itemprop=\"image\" itemscope=\"itemscope\" itemtype=\"https:\/\/schema.org\/ImageObject\" >\n\t\t\t\t\t\t<span itemprop='url'>\/blog\/dm-wp-content\/uploads\/profi-induktionswok_2-scaled.jpg<\/span>\n\t\t\t\t\t\t<span itemprop='height'>1707<\/span>\n\t\t\t\t\t\t<span itemprop='width'>2560<\/span>\n\t\t\t\t<\/span>\n\t\t\t\t<span class='av-structured-data'  itemprop=\"publisher\" itemtype=\"https:\/\/schema.org\/Organization\" itemscope=\"itemscope\" >\n\t\t\t\t\t\t<span itemprop='name'>admin_wpdm<\/span>\n\t\t\t\t\t\t<span itemprop='logo' itemscope itemtype='https:\/\/schema.org\/ImageObject'>\n\t\t\t\t\t\t\t<span itemprop='url'>\/blog\/dm-wp-content\/uploads\/buffetwelt-logo-1.png<\/span>\n\t\t\t\t\t\t <\/span>\n\t\t\t\t<\/span><span class='av-structured-data'  itemprop=\"author\" itemscope=\"itemscope\" itemtype=\"https:\/\/schema.org\/Person\" ><span itemprop='name'>admin_wpdm<\/span><\/span><span class='av-structured-data'  itemprop=\"datePublished\" datetime=\"2022-06-10T09:38:55+02:00\" >2021-05-05 16:33:26<\/span><span class='av-structured-data'  itemprop=\"dateModified\" itemtype=\"https:\/\/schema.org\/dateModified\" >2021-06-02 09:51:13<\/span><span class='av-structured-data'  itemprop=\"mainEntityOfPage\" itemtype=\"https:\/\/schema.org\/mainEntityOfPage\" ><span itemprop='name'>Unsere Profi-Induktionswoks in Ihrer Asia-K\u00fcche<\/span><\/span><\/span><\/article><\/div><div class='slide-entry-wrap'><article class='slide-entry flex_column  post-entry post-entry-163 slide-entry-overview slide-loop-3 slide-parity-odd  av_one_half first real-thumbnail post-format-standard'  itemscope=\"itemscope\" itemtype=\"https:\/\/schema.org\/BlogPosting\" itemprop=\"blogPost\" ><a href='\/blog\/vorteile-des-profi-induktionswoks\/' data-rel='slide-1' class='slide-image' title='Vorteile des Profi-Induktionswoks'><img width=\"495\" height=\"400\" src=\"\/blog\/dm-wp-content\/uploads\/profi-induktionswok_1-495x400.jpg\" class=\"wp-image-169 avia-img-lazy-loading-not-169 attachment-portfolio size-portfolio wp-post-image\" alt=\"\" srcset=\"https:\/\/www.buffetwelt.de\/blog\/dm-wp-content\/uploads\/profi-induktionswok_1-495x400.jpg 495w, https:\/\/www.buffetwelt.de\/blog\/dm-wp-content\/uploads\/profi-induktionswok_1-845x684.jpg 845w\" sizes=\"(max-width: 495px) 100vw, 495px\" \/><\/a><div class='slide-content'><header class=\"entry-content-header\"><h3 class='slide-entry-title entry-title '  itemprop=\"headline\" ><a href='\/blog\/vorteile-des-profi-induktionswoks\/' title='Vorteile des Profi-Induktionswoks'>Vorteile des Profi-Induktionswoks<\/a><\/h3><span class=\"blog-categories minor-meta\"><a href=\"\/blog\/category\/gastro\/\" rel=\"tag\">Gastro<\/a> <\/span><span class=\"av-vertical-delimiter\"><\/span><\/header><div class='slide-entry-excerpt entry-content'  itemprop=\"text\" >\r\n\r\n\r\n\r\n\r\n\r\n\r\n\r\n<div class=\"read-more-link\"><a href=\"\/blog\/vorteile-des-profi-induktionswoks\/\" class=\"more-link\">Weiterlesen<span class=\"more-link-arrow\"><\/span><\/a><\/div><\/div><\/div><footer class=\"entry-footer\"><div class='slide-meta'><time class='slide-meta-time updated'  itemprop=\"datePublished\" datetime=\"2021-05-05T16:12:02+02:00\" >5. Mai 2021<\/time><\/div><\/footer><span class='hidden'>\n\t\t\t\t<span class='av-structured-data'  itemprop=\"image\" itemscope=\"itemscope\" itemtype=\"https:\/\/schema.org\/ImageObject\" >\n\t\t\t\t\t\t<span itemprop='url'>\/blog\/dm-wp-content\/uploads\/profi-induktionswok_1-scaled.jpg<\/span>\n\t\t\t\t\t\t<span itemprop='height'>1707<\/span>\n\t\t\t\t\t\t<span itemprop='width'>2560<\/span>\n\t\t\t\t<\/span>\n\t\t\t\t<span class='av-structured-data'  itemprop=\"publisher\" itemtype=\"https:\/\/schema.org\/Organization\" itemscope=\"itemscope\" >\n\t\t\t\t\t\t<span itemprop='name'>admin_wpdm<\/span>\n\t\t\t\t\t\t<span itemprop='logo' itemscope itemtype='https:\/\/schema.org\/ImageObject'>\n\t\t\t\t\t\t\t<span itemprop='url'>\/blog\/dm-wp-content\/uploads\/buffetwelt-logo-1.png<\/span>\n\t\t\t\t\t\t <\/span>\n\t\t\t\t<\/span><span class='av-structured-data'  itemprop=\"author\" itemscope=\"itemscope\" itemtype=\"https:\/\/schema.org\/Person\" ><span itemprop='name'>admin_wpdm<\/span><\/span><span class='av-structured-data'  itemprop=\"datePublished\" datetime=\"2022-06-10T09:38:55+02:00\" >2021-05-05 16:12:02<\/span><span class='av-structured-data'  itemprop=\"dateModified\" itemtype=\"https:\/\/schema.org\/dateModified\" >2021-06-02 09:50:28<\/span><span class='av-structured-data'  itemprop=\"mainEntityOfPage\" itemtype=\"https:\/\/schema.org\/mainEntityOfPage\" ><span itemprop='name'>Vorteile des Profi-Induktionswoks<\/span><\/span><\/span><\/article><article class='slide-entry flex_column  post-entry post-entry-147 slide-entry-overview slide-loop-4 slide-parity-even  post-entry-last  av_one_half  real-thumbnail post-format-standard'  itemscope=\"itemscope\" itemtype=\"https:\/\/schema.org\/BlogPosting\" itemprop=\"blogPost\" ><a href='\/blog\/speisenausgabe-in-der-kita-und-ogs\/' data-rel='slide-1' class='slide-image' title='Speisenausgabe in der Kita und OGS'><img width=\"495\" height=\"400\" src=\"\/blog\/dm-wp-content\/uploads\/speisenausgabe_kita-ogs_1-495x400.jpg\" class=\"wp-image-159 avia-img-lazy-loading-not-159 attachment-portfolio size-portfolio wp-post-image\" alt=\"\" srcset=\"https:\/\/www.buffetwelt.de\/blog\/dm-wp-content\/uploads\/speisenausgabe_kita-ogs_1-495x400.jpg 495w, https:\/\/www.buffetwelt.de\/blog\/dm-wp-content\/uploads\/speisenausgabe_kita-ogs_1-845x684.jpg 845w\" sizes=\"(max-width: 495px) 100vw, 495px\" \/><\/a><div class='slide-content'><header class=\"entry-content-header\"><h3 class='slide-entry-title entry-title '  itemprop=\"headline\" ><a href='\/blog\/speisenausgabe-in-der-kita-und-ogs\/' title='Speisenausgabe in der Kita und OGS'>Speisenausgabe in der Kita und OGS<\/a><\/h3><span class=\"blog-categories minor-meta\"><a href=\"\/blog\/category\/speisenausgabe\/\" rel=\"tag\">Speisenausgabe<\/a> <\/span><span class=\"av-vertical-delimiter\"><\/span><\/header><div class='slide-entry-excerpt entry-content'  itemprop=\"text\" >\r\n\r\n\r\n\r\n\r\n\r\n\r\n\r\n\r\n\r\n\r\n\r\n<div class=\"read-more-link\"><a href=\"\/blog\/speisenausgabe-in-der-kita-und-ogs\/\" class=\"more-link\">Weiterlesen<span class=\"more-link-arrow\"><\/span><\/a><\/div><\/div><\/div><footer class=\"entry-footer\"><div class='slide-meta'><time class='slide-meta-time updated'  itemprop=\"datePublished\" datetime=\"2021-05-05T15:49:40+02:00\" >5. Mai 2021<\/time><\/div><\/footer><span class='hidden'>\n\t\t\t\t<span class='av-structured-data'  itemprop=\"image\" itemscope=\"itemscope\" itemtype=\"https:\/\/schema.org\/ImageObject\" >\n\t\t\t\t\t\t<span itemprop='url'>\/blog\/dm-wp-content\/uploads\/speisenausgabe_kita-ogs_1.jpg<\/span>\n\t\t\t\t\t\t<span itemprop='height'>840<\/span>\n\t\t\t\t\t\t<span itemprop='width'>1260<\/span>\n\t\t\t\t<\/span>\n\t\t\t\t<span class='av-structured-data'  itemprop=\"publisher\" itemtype=\"https:\/\/schema.org\/Organization\" itemscope=\"itemscope\" >\n\t\t\t\t\t\t<span itemprop='name'>admin_wpdm<\/span>\n\t\t\t\t\t\t<span itemprop='logo' itemscope itemtype='https:\/\/schema.org\/ImageObject'>\n\t\t\t\t\t\t\t<span itemprop='url'>\/blog\/dm-wp-content\/uploads\/buffetwelt-logo-1.png<\/span>\n\t\t\t\t\t\t <\/span>\n\t\t\t\t<\/span><span class='av-structured-data'  itemprop=\"author\" itemscope=\"itemscope\" itemtype=\"https:\/\/schema.org\/Person\" ><span itemprop='name'>admin_wpdm<\/span><\/span><span class='av-structured-data'  itemprop=\"datePublished\" datetime=\"2022-06-10T09:38:55+02:00\" >2021-05-05 15:49:40<\/span><span class='av-structured-data'  itemprop=\"dateModified\" itemtype=\"https:\/\/schema.org\/dateModified\" >2021-05-05 16:46:23<\/span><span class='av-structured-data'  itemprop=\"mainEntityOfPage\" itemtype=\"https:\/\/schema.org\/mainEntityOfPage\" ><span itemprop='name'>Speisenausgabe in der Kita und OGS<\/span><\/span><\/span><\/article><\/div><\/div><\/div><\/p><\/div><\/p>\n","protected":false},"excerpt":{"rendered":"","protected":false},"author":1,"featured_media":0,"parent":0,"menu_order":0,"comment_status":"closed","ping_status":"closed","template":"","meta":[],"_links":{"self":[{"href":"https:\/\/www.buffetwelt.de\/blog\/wp-json\/wp\/v2\/pages\/16"}],"collection":[{"href":"https:\/\/www.buffetwelt.de\/blog\/wp-json\/wp\/v2\/pages"}],"about":[{"href":"https:\/\/www.buffetwelt.de\/blog\/wp-json\/wp\/v2\/types\/page"}],"author":[{"embeddable":true,"href":"https:\/\/www.buffetwelt.de\/blog\/wp-json\/wp\/v2\/users\/1"}],"replies":[{"embeddable":true,"href":"https:\/\/www.buffetwelt.de\/blog\/wp-json\/wp\/v2\/comments?post=16"}],"version-history":[{"count":34,"href":"https:\/\/www.buffetwelt.de\/blog\/wp-json\/wp\/v2\/pages\/16\/revisions"}],"predecessor-version":[{"id":197,"href":"https:\/\/www.buffetwelt.de\/blog\/wp-json\/wp\/v2\/pages\/16\/revisions\/197"}],"wp:attachment":[{"href":"https:\/\/www.buffetwelt.de\/blog\/wp-json\/wp\/v2\/media?parent=16"}],"curies":[{"name":"wp","href":"https:\/\/api.w.org\/{rel}","templated":true}]}}