{"id":23,"date":"2019-01-04T11:07:56","date_gmt":"2019-01-04T10:07:56","guid":{"rendered":"\/?page_id=23"},"modified":"2021-05-19T10:51:41","modified_gmt":"2021-05-19T08:51:41","slug":"datenschutz","status":"publish","type":"page","link":"\/blog\/datenschutz\/","title":{"rendered":"Datenschutz"},"content":{"rendered":"<h1 class=\"custom-page--tab-headline\">Datenschutz<\/h1>\n<h2>Zu welchem Zweck werden Daten erfasst und bearbeitet?<\/h2>\n<p>Wir erheben personenbezogene Daten, wenn Sie uns diese im Rahmen Ihrer Bestellung oder bei einer Kontaktaufnahme mit uns (z.B. per Kontaktformular oder E-Mail) freiwillig mitteilen. Welche Daten erhoben werden, ist aus den jeweiligen Eingabeformularen ersichtlich. Wir verwenden die von ihnen mitgeteilten Daten zur Vertragsabwicklung und Bearbeitung Ihrer Anfragen.<\/p>\n<p>Andere Daten werden automatisch beim Besuch der Website durch unsere IT-Systeme erfasst. Das sind vor allem technische Daten (z.B. Internetbrowser, Betriebssystem oder Uhrzeit des Seitenaufrufs). Diese Daten werden ausschlie\u00dflich zur Sicherstellung eines st\u00f6rungsfreien Betriebs der Seite und zur Verbesserung unseres Angebots ausgewertet und erlauben uns keinen R\u00fcckschluss auf Ihre Person.<\/p>\n<p>Im Bereich des Online-Marketings arbeiten wir mit der Firma Google Inc., 1600 Amphitheatre Parkway, Mountain View, CA 94043, USA zusammen, um zu erkennen, ob ein Internetnutzer \u00fcber eine Google-Anzeige auf unsere Webpr\u00e4senz gelangt ist. Google verwendet \u201dCookies\u201d, die auf Ihrem Computer gespeichert werden und eine Analyse der Benutzung der Website erm\u00f6glicht. Die Cookies f\u00fcr das sogenannte \u201cConversion-Tracking\u201d werden gesetzt, wenn Sie auf eine von Google geschaltete Anzeige klicken. Diese Cookies verlieren nach 30 Tagen ihre G\u00fcltigkeit und dienen nicht der pers\u00f6nlichen Identifizierung. Falls Sie mehr \u00fcber diese Methoden erfahren m\u00f6chten oder wissen m\u00f6chten, welche M\u00f6glichkeiten Sie haben, damit diese Informationen nicht von Google verwendet werden k\u00f6nnen, klicken Sie hier:\u00a0<a href=\"https:\/\/support.google.com\/adwords\/answer\/1722022?hl=de\" target=\"_blank\" rel=\"nofollow noopener\">https:\/\/support.google.com\/adwords\/answer\/1722022?hl=de<\/a>.<\/p>\n<h2>Wie lange werden die Daten gespeichert?<\/h2>\n<p>Nach Abschluss des Auftrags oder Beendigung der Gesch\u00e4ftsbeziehung werden die erhobenen personenbezogenen Daten gel\u00f6scht, es sei denn, deren \u2013 befristete \u2013 Aufbewahrung ist aufgrund gesetzlicher Aufbewahrungsfristen weiterhin notwendig.<\/p>\n<h2>Weitergabe von Daten<\/h2>\n<p>Wir \u00fcbermitteln personenbezogene Daten an Dritte nur dann, wenn dies im Rahmen der Vertragsabwicklung notwendig ist, etwa an die mit der Lieferung der Ware betrauten Unternehmen.\u00a0<strong>Unter keinen Umst\u00e4nden verkaufen wir pers\u00f6nliche Daten an Dritte.<\/strong><\/p>\n<p>Sofern wir in Vorleistung treten, z.B. beim Kauf auf Rechnung, behalten wir uns vor, zur Wahrung unserer berechtigten Interessen eine Identit\u00e4ts- und Bonit\u00e4tsauskunft von hierauf spezialisierten Dienstleistungsunternehmen (Wirtschaftsauskunfteien) einzuholen. Wir \u00fcbermitteln hierzu Ihre f\u00fcr eine Bonit\u00e4tspr\u00fcfung ben\u00f6tigten personenbezogenen Daten an folgende(s) Unternehmen:<\/p>\n<p>Creditreform Herford &amp; Minden Dorff GmbH &amp; Co. KG<br \/>\nKrellstr. 68<br \/>\n32584 L\u00f6hne<\/p>\n<h2>Recht auf Auskunft und L\u00f6schung der Daten<\/h2>\n<p>Sie haben das Recht, jederzeit kostenlos Auskunft \u00fcber die von uns gespeicherten Daten zu erhalten, unrichtige Daten korrigieren zu lassen und unvollst\u00e4ndige Daten erg\u00e4nzen zu lassen. Sie haben au\u00dferdem ein Recht die L\u00f6schung dieser Daten zu verlangen. Wenden Sie sich hierzu bitte an\u00a0<a href=\"mailto:info@buffetwelt.de\">info[at]buffetwelt[dot]de.\u00a0<\/a>Sofern wir Ihre Angaben an Dritte weitergegeben haben, informieren wir diese Dritten \u00fcber die Berichtigung\/Erg\u00e4nzung \u2013 sofern dies gesetzlich vorgeschrieben oder aus operativen Gr\u00fcnden notwendig ist.<\/p>\n<h2>Recht auf Daten\u00fcbertragbarkeit<\/h2>\n<p>Sie haben das Recht, personenbezogene Daten, die Sie uns gegeben haben, in einem strukturierten, g\u00e4ngigen und maschinenlesbaren Format zu erhalten. Richten Sie Ihre Anfrage dazu an info@buffetwelt.com.<\/p>\n<h2>Recht auf Widerruf der Einwilligung zur Datenverarbeitung<\/h2>\n<p>Sie haben das Recht, Ihre datenschutzrechtliche Einwilligungserkl\u00e4rung jederzeit zu widerrufen. Durch den Widerruf der Einwilligung wird die Rechtm\u00e4\u00dfigkeit der aufgrund der Einwilligung bis zum Widerruf erfolgten Verarbeitung nicht ber\u00fchrt.<\/p>\n<h2>Recht auf Beschwerde bei einer Aufsichtsbeh\u00f6rde<\/h2>\n<p>Sie sind berechtigt bei der zust\u00e4ndigen Datenschutzaufsichtsbeh\u00f6rde Beschwerde einzureichen, wenn Sie der Ansicht sind, dass die Verarbeitung der sie betreffenden personenbezogenen Daten gegen Datenschutzgesetze verst\u00f6\u00dft.<\/p>\n<p>Wir weisen darauf hin, dass die Daten\u00fcbertragung im Internet (z.B. bei der Kommunikation per E-Mail) Sicherheitsl\u00fccken aufweisen kann. Ein l\u00fcckenloser Schutz der Daten vor dem Zugriff durch Dritte ist nicht m\u00f6glich.<\/p>\n<p>Der Nutzung von im Rahmen der Impressumspflicht ver\u00f6ffentlichten Kontaktdaten durch Dritte zur \u00dcbersendung von nicht ausdr\u00fccklich angeforderter Werbung und Informationsmaterialien wird hiermit ausdr\u00fccklich widersprochen. Die Betreiber der Seiten behalten sich ausdr\u00fccklich rechtliche Schritte im Falle der unverlangten Zusendung von Werbeinformationen, etwa durch Spam-Mails, vor.<\/p>\n<h2>Haftung f\u00fcr Inhalte<\/h2>\n<p>Die Inhalte unserer Seiten wurden mit gr\u00f6\u00dfter Sorgfalt erstellt. F\u00fcr die Richtigkeit, Vollst\u00e4ndigkeit und Aktualit\u00e4t der Inhalte k\u00f6nnen wir jedoch keine Gew\u00e4hr \u00fcbernehmen. Als Diensteanbieter sind wir gem\u00e4\u00df \u00a7 7 Abs.1 TMG f\u00fcr eigene Inhalte auf diesen Seiten nach den allgemeinen Gesetzen verantwortlich. Nach \u00a7\u00a7 8 bis 10 TMG sind wir als Diensteanbieter jedoch nicht verpflichtet, \u00fcbermittelte oder gespeicherte fremde Informationen zu \u00fcberwachen oder nach Umst\u00e4nden zu forschen, die auf eine rechtswidrige T\u00e4tigkeit hinweisen. Verpflichtungen zur Entfernung oder Sperrung der Nutzung von Informationen nach den allgemeinen Gesetzen bleiben hiervon unber\u00fchrt. Eine diesbez\u00fcgliche Haftung ist jedoch erst ab dem Zeitpunkt der Kenntnis einer konkreten Rechtsverletzung m\u00f6glich. Bei Bekanntwerden von entsprechenden Rechtsverletzungen werden wir diese Inhalte umgehend entfernen.<\/p>\n<h2>Haftung f\u00fcr Links<\/h2>\n<p>Unser Angebot enth\u00e4lt Links zu externen Webseiten Dritter, auf deren Inhalte wir keinen Einfluss haben. Deshalb k\u00f6nnen wir f\u00fcr diese fremden Inhalte auch keine Gew\u00e4hr \u00fcbernehmen. F\u00fcr die Inhalte der verlinkten Seiten ist stets der jeweilige Anbieter oder Betreiber der Seiten verantwortlich. Die verlinkten Seiten wurden zum Zeitpunkt der Verlinkung auf m\u00f6gliche Rechtsverst\u00f6\u00dfe \u00fcberpr\u00fcft. Rechtswidrige Inhalte waren zum Zeitpunkt der Verlinkung nicht erkennbar. Eine permanente inhaltliche Kontrolle der verlinkten Seiten ist jedoch ohne konkrete Anhaltspunkte einer Rechtsverletzung nicht zumutbar. Bei Bekanntwerden von Rechtsverletzungen werden wir derartige Links umgehend entfernen.<\/p>\n<h2>Urheberrecht<\/h2>\n<p>Die durch die Seitenbetreiber erstellten Inhalte und Werke auf diesen Seiten unterliegen dem deutschen Urheberrecht. Die Vervielf\u00e4ltigung, Bearbeitung, Verbreitung und jede Art der Verwertung au\u00dferhalb der Grenzen des Urheberrechtes bed\u00fcrfen der schriftlichen Zustimmung des jeweiligen Autors bzw. Erstellers. Downloads und Kopien dieser Seite sind nur f\u00fcr den privaten, nicht kommerziellen Gebrauch gestattet. Soweit die Inhalte auf dieser Seite nicht vom Betreiber erstellt wurden, werden die Urheberrechte Dritter beachtet. Insbesondere werden Inhalte Dritter als solche gekennzeichnet. Sollten Sie trotzdem auf eine Urheberrechtsverletzung aufmerksam werden, bitten wir um einen entsprechenden Hinweis. Bei Bekanntwerden von Rechtsverletzungen werden wir derartige Inhalte umgehend entfernen.<\/p>\n","protected":false},"excerpt":{"rendered":"<p>Datenschutz Zu welchem Zweck werden Daten erfasst und bearbeitet? Wir erheben personenbezogene Daten, wenn Sie uns diese im Rahmen Ihrer Bestellung oder bei einer Kontaktaufnahme mit uns (z.B. per Kontaktformular oder E-Mail) freiwillig mitteilen. Welche Daten erhoben werden, ist aus den jeweiligen Eingabeformularen ersichtlich. Wir verwenden die von ihnen mitgeteilten Daten zur Vertragsabwicklung und Bearbeitung [&hellip;]<\/p>\n","protected":false},"author":1,"featured_media":0,"parent":0,"menu_order":0,"comment_status":"closed","ping_status":"closed","template":"","meta":[],"_links":{"self":[{"href":"https:\/\/www.buffetwelt.de\/blog\/wp-json\/wp\/v2\/pages\/23"}],"collection":[{"href":"https:\/\/www.buffetwelt.de\/blog\/wp-json\/wp\/v2\/pages"}],"about":[{"href":"https:\/\/www.buffetwelt.de\/blog\/wp-json\/wp\/v2\/types\/page"}],"author":[{"embeddable":true,"href":"https:\/\/www.buffetwelt.de\/blog\/wp-json\/wp\/v2\/users\/1"}],"replies":[{"embeddable":true,"href":"https:\/\/www.buffetwelt.de\/blog\/wp-json\/wp\/v2\/comments?post=23"}],"version-history":[{"count":2,"href":"https:\/\/www.buffetwelt.de\/blog\/wp-json\/wp\/v2\/pages\/23\/revisions"}],"predecessor-version":[{"id":194,"href":"https:\/\/www.buffetwelt.de\/blog\/wp-json\/wp\/v2\/pages\/23\/revisions\/194"}],"wp:attachment":[{"href":"https:\/\/www.buffetwelt.de\/blog\/wp-json\/wp\/v2\/media?parent=23"}],"curies":[{"name":"wp","href":"https:\/\/api.w.org\/{rel}","templated":true}]}}